{"id":24,"date":"2013-01-23T14:39:46","date_gmt":"2013-01-23T12:39:46","guid":{"rendered":"http:\/\/www.jaeb-guetersloh.de\/wordpress\/?page_id=24"},"modified":"2021-11-14T13:31:38","modified_gmt":"2021-11-14T11:31:38","slug":"impressum","status":"publish","type":"page","link":"http:\/\/www.jaeb-guetersloh.de\/?page_id=24","title":{"rendered":"Impressum \/ Nutzungsbedingungen"},"content":{"rendered":"<p><strong>Datenschutzrichtlinien<\/strong><\/p>\n<p align=\"left\"><b>Angaben gem\u00e4\u00df \u00a7 5 TMG:<\/b><\/p>\n<p align=\"left\">Jugendamtselternbeirat G\u00fctersloh<\/p>\n<p align=\"left\"><b>Vertreten durch:<\/b><\/p>\n<p>Vorsitzender: Bj\u00f6rn Biedenweg<\/p>\n<p>stellvertretende Vorsitzende: Kathrin Kaleja<\/p>\n<p>Sabine Steinem-Tappe<\/p>\n<p>Meike Pabst<\/p>\n<p>Cindy Brinkmann<\/p>\n<p>Meysam Soltani<\/p>\n<p>Nina Dragunski<\/p>\n<p>Yuliya Burg<\/p>\n<p>Jana Byckov<\/p>\n<p>Katja Seebald<\/p>\n<p>Eugenia Holz<\/p>\n<p align=\"left\">\n<p>jaeb-gt [at] web.de<\/p>\n<p>Diese Seite ist Gegenstand der nachfolgenden Nutzungsbedingungen, die im Verh\u00e4ltnis zwischen Nutzer und uns gelten.<\/p>\n<ol>\n<li>Diese Website beinhaltet Daten und Informationen aller Art, die marken- und\/oder urheberrechtlich zu unseren Gunsten oder im Einzelfall auch zugunsten Dritter gesch\u00fctzt sind. Es ist daher nicht gestattet, die Website im Ganzen oder einzelne Teile davon herunterzuladen, zu vervielf\u00e4ltigen und zu verbreiten. Gestattet sind vor allem die technisch bedingte Vervielf\u00e4ltigung zum Zwecke des Browsing, soweit diese Handlung keinen wirtschaftlichen Zwecken dient, sowie die dauerhafte Vervielf\u00e4ltigung f\u00fcr den eigenen Gebrauch.<\/li>\n<li>Es ist nicht gestattet, einen Link auf diese Website zu setzen, soweit er allein der Querreferenz dient. Wir behalten uns das Recht vor, die Gestattung zu widerrufen. Das Framen dieser Website ist nicht gestattet.<\/li>\n<li>Wir \u00fcbernehmen die Haftung f\u00fcr die Inhalte seiner Website gem\u00e4\u00df den gesetzlichen Bestimmungen. Eine Gew\u00e4hr f\u00fcr Richtigkeit und Vollst\u00e4ndigkeit der auf der Website befindlichen Informationen wird nicht \u00fcbernommen. Verweise und Links auf die Websites Dritter\u00a0bedeuten nicht, dass wir uns hinter dem Verweis oder Link liegenden Inhalte zu Eigen machen. Die Inhalte begr\u00fcnden keine Verantwortung unsererseits f\u00fcr die dort bereit gehaltenen Daten und Informationen. Wir haben keinen Einfluss auf die hinter dem Link liegenden Inhalte. F\u00fcr rechtswidrige, fehlerhafte oder unvollst\u00e4ndige Inhalte und f\u00fcr Sch\u00e4den, die aufgrund der Nutzung von einem hinter dem Link liegenden Inhalt verursacht worden sind, haften wir daher nicht.<\/li>\n<li>Die Nutzung des Internets erfolgt auf eigene Gefahr des Nutzers. Wir haften vor allem nicht f\u00fcr den technisch bedingten Ausfall des Internets bzw. des Zugangs zum Internet.<\/li>\n<\/ol>\n","protected":false},"excerpt":{"rendered":"<p>Datenschutzrichtlinien Angaben gem\u00e4\u00df \u00a7 5 TMG: Jugendamtselternbeirat G\u00fctersloh Vertreten durch: Vorsitzender: Bj\u00f6rn Biedenweg stellvertretende Vorsitzende: Kathrin Kaleja Sabine Steinem-Tappe Meike Pabst Cindy Brinkmann Meysam Soltani Nina Dragunski Yuliya Burg Jana Byckov Katja Seebald Eugenia Holz jaeb-gt [at] web.de Diese Seite ist Gegenstand der nachfolgenden Nutzungsbedingungen, die im Verh\u00e4ltnis zwischen Nutzer und uns gelten. Diese Website [&hellip;]<\/p>\n","protected":false},"author":1,"featured_media":0,"parent":0,"menu_order":7,"comment_status":"closed","ping_status":"open","template":"","meta":{"footnotes":""},"class_list":["post-24","page","type-page","status-publish","hentry"],"_links":{"self":[{"href":"http:\/\/www.jaeb-guetersloh.de\/index.php?rest_route=\/wp\/v2\/pages\/24","targetHints":{"allow":["GET"]}}],"collection":[{"href":"http:\/\/www.jaeb-guetersloh.de\/index.php?rest_route=\/wp\/v2\/pages"}],"about":[{"href":"http:\/\/www.jaeb-guetersloh.de\/index.php?rest_route=\/wp\/v2\/types\/page"}],"author":[{"embeddable":true,"href":"http:\/\/www.jaeb-guetersloh.de\/index.php?rest_route=\/wp\/v2\/users\/1"}],"replies":[{"embeddable":true,"href":"http:\/\/www.jaeb-guetersloh.de\/index.php?rest_route=%2Fwp%2Fv2%2Fcomments&post=24"}],"version-history":[{"count":19,"href":"http:\/\/www.jaeb-guetersloh.de\/index.php?rest_route=\/wp\/v2\/pages\/24\/revisions"}],"predecessor-version":[{"id":757,"href":"http:\/\/www.jaeb-guetersloh.de\/index.php?rest_route=\/wp\/v2\/pages\/24\/revisions\/757"}],"wp:attachment":[{"href":"http:\/\/www.jaeb-guetersloh.de\/index.php?rest_route=%2Fwp%2Fv2%2Fmedia&parent=24"}],"curies":[{"name":"wp","href":"https:\/\/api.w.org\/{rel}","templated":true}]}}